{"id":8,"date":"2025-09-04T15:43:07","date_gmt":"2025-09-04T15:43:07","guid":{"rendered":"https:\/\/100zena.rs\/?page_id=8"},"modified":"2025-09-16T15:10:59","modified_gmt":"2025-09-16T15:10:59","slug":"pocetna","status":"publish","type":"page","link":"https:\/\/100zena.rs\/","title":{"rendered":"Pocetna"},"content":{"rendered":"\t\t<div data-elementor-type=\"wp-page\" data-elementor-id=\"8\" class=\"elementor elementor-8\">\n\t\t\t\t<div class=\"elementor-element elementor-element-9029c76 wd-section-stretch e-flex e-con-boxed e-con e-parent\" data-id=\"9029c76\" data-element_type=\"container\">\n\t\t\t\t\t<div class=\"e-con-inner\">\n\t\t\t\t<div class=\"elementor-element elementor-element-1800c55 fluentform-widget-submit-button-custom elementor-widget elementor-widget-fluent-form-widget\" data-id=\"1800c55\" data-element_type=\"widget\" data-widget_type=\"fluent-form-widget.default\">\n\t\t\t\t<div class=\"elementor-widget-container\">\n\t\t\t\t\t\n            <div class=\"fluentform-widget-wrapper fluentform-widget-align-default\">\n\n                            <div class=\"fluentform-widget-heading\">\n                                        <h3 class=\"fluentform-widget-title\">\n                        Postanite partner vinarije 100 \u017dena                    <\/h3>\n                                                            <p class=\"fluentform-widget-description\">\n                        \u010cestitamo na odluci da postanete partner vinarije 100 \u017eena. \u010cujemo se uskoro, zva\u0107e Vas Ankica Risti\u0107.                    <\/p>\n                                    <\/div>\n            \n            <div class='fluentform ff-default fluentform_wrapper_1 ffs_default_wrap'><form data-form_id=\"1\" id=\"fluentform_1\" class=\"frm-fluent-form fluent_form_1 ff-el-form-top ff_form_instance_1_1 ff-form-loading ffs_default\" data-form_instance=\"ff_form_instance_1_1\" method=\"POST\" ><fieldset  style=\"border: none!important;margin: 0!important;padding: 0!important;background-color: transparent!important;box-shadow: none!important;outline: none!important; min-inline-size: 100%;\">\n                    <legend class=\"ff_screen_reader_title\" style=\"display: block; margin: 0!important;padding: 0!important;height: 0!important;text-indent: -999999px;width: 0!important;overflow:hidden;\">Contact Form Demo<\/legend><input type='hidden' name='__fluent_form_embded_post_id' value='8' \/><input type=\"hidden\" id=\"_fluentform_1_fluentformnonce\" name=\"_fluentform_1_fluentformnonce\" value=\"37a2a36934\" \/><input type=\"hidden\" name=\"_wp_http_referer\" value=\"\/index.php\/wp-json\/wp\/v2\/pages\/8\" \/><div data-type=\"name-element\" data-name=\"names\" class=\" ff-field_container ff-name-field-wrapper\" ><div class='ff-t-container'><div class='ff-t-cell '><div class='ff-el-group ff-el-form-top'><div class=\"ff-el-input--label asterisk-right\"><label for='ff_1_names_first_name_' id='label_ff_1_names_first_name_' >Ime (opciono)<\/label><\/div><div class='ff-el-input--content'><input type=\"text\" name=\"names[first_name]\" id=\"ff_1_names_first_name_\" class=\"ff-el-form-control\" aria-invalid=\"false\" aria-required=false><\/div><\/div><\/div><div class='ff-t-cell '><div class='ff-el-group ff-el-form-top'><div class=\"ff-el-input--label asterisk-right\"><label for='ff_1_names_last_name_' id='label_ff_1_names_last_name_' >Prezime (opciono)<\/label><\/div><div class='ff-el-input--content'><input type=\"text\" name=\"names[last_name]\" id=\"ff_1_names_last_name_\" class=\"ff-el-form-control\" aria-invalid=\"false\" aria-required=false><\/div><\/div><\/div><\/div><\/div><div class='ff-el-group'><div class=\"ff-el-input--label ff-el-is-required asterisk-right\"><label for='ff_1_numeric_field_1' id='label_ff_1_numeric_field_1' aria-label=\"Broj telefona (obavezno)\">Broj telefona (obavezno)<\/label><\/div><div class='ff-el-input--content'><input type=\"number\" name=\"numeric_field_1\" id=\"ff_1_numeric_field_1\" class=\"ff-el-form-control\" data-name=\"numeric_field_1\" inputmode=\"numeric\" step=\"any\"  aria-invalid=\"false\" aria-required=true><\/div><\/div><div class='ff-el-group'><div class=\"ff-el-input--label asterisk-right\"><label for='ff_1_subject_2' id='label_ff_1_subject_2' aria-label=\"Grad (opciono)\">Grad (opciono)<\/label><\/div><div class='ff-el-input--content'><input type=\"text\" name=\"subject_2\" class=\"ff-el-form-control\" data-name=\"subject_2\" id=\"ff_1_subject_2\"  aria-invalid=\"false\" aria-required=false><\/div><\/div><div class='ff-el-group'><div class=\"ff-el-input--label asterisk-right\"><label for='ff_1_email' id='label_ff_1_email' aria-label=\"Email (opciono)\">Email (opciono)<\/label><\/div><div class='ff-el-input--content'><input type=\"email\" name=\"email\" id=\"ff_1_email\" class=\"ff-el-form-control\" data-name=\"email\"  aria-invalid=\"false\" aria-required=false><\/div><\/div><div class='ff-el-group'><div class=\"ff-el-input--label asterisk-right\"><label for='ff_1_input_text' id='label_ff_1_input_text' aria-label=\"PIB (opciono)\">PIB (opciono)<\/label><\/div><div class='ff-el-input--content'><input type=\"text\" name=\"input_text\" class=\"ff-el-form-control\" maxlength=\"9\" data-name=\"input_text\" id=\"ff_1_input_text\"  aria-invalid=\"false\" aria-required=false><\/div><\/div><div class='ff-el-group ff-text-center ff_submit_btn_wrapper'><button type=\"submit\" class=\"ff-btn ff-btn-submit ff-btn-md ff_btn_style wpf_has_custom_css\"  aria-label=\"Po\u0161alji\">Po\u0161alji<\/button><\/div><\/fieldset><\/form><div id='fluentform_1_errors' class='ff-errors-in-stack ff_form_instance_1_1 ff-form-loading_errors ff_form_instance_1_1_errors'><\/div><\/div>            <script type=\"text\/javascript\">\n                window.fluent_form_ff_form_instance_1_1 = {\"id\":\"1\",\"settings\":{\"layout\":{\"labelPlacement\":\"top\",\"helpMessagePlacement\":\"with_label\",\"errorMessagePlacement\":\"inline\",\"cssClassName\":\"\",\"asteriskPlacement\":\"asterisk-right\"},\"restrictions\":{\"denyEmptySubmission\":{\"enabled\":false}}},\"form_instance\":\"ff_form_instance_1_1\",\"form_id_selector\":\"fluentform_1\",\"rules\":{\"names[first_name]\":{\"required\":{\"value\":false,\"message\":\"Ovo polje je obavezno!\",\"global_message\":\"Ovo polje je obavezno!\",\"global\":true}},\"names[middle_name]\":{\"required\":{\"value\":false,\"message\":\"Ovo polje je obavezno!\",\"global_message\":\"Ovo polje je obavezno!\",\"global\":true}},\"names[last_name]\":{\"required\":{\"value\":false,\"message\":\"Ovo polje je obavezno!\",\"global_message\":\"Ovo polje je obavezno!\",\"global\":true}},\"numeric_field_1\":{\"required\":{\"value\":true,\"message\":\"Ovo polje je obavezno!\",\"global_message\":\"Ovo polje je obavezno!\",\"global\":true},\"numeric\":{\"value\":true,\"message\":\"Ovo polje mora sadr\\u017eati samo brojeve!\",\"global_message\":\"Ovo polje mora sadr\\u017eati samo brojeve!\",\"global\":true},\"min\":{\"value\":\"\",\"message\":\"Validation fails for minimum value\",\"global_message\":\"Validation fails for minimum value\",\"global\":true},\"max\":{\"value\":\"\",\"message\":\"Validation fails for maximum value\",\"global_message\":\"Validation fails for maximum value\",\"global\":true},\"digits\":{\"value\":\"\",\"message\":\"Validation fails for limited digits\",\"global_message\":\"Validation fails for limited digits\",\"global\":true}},\"subject_2\":{\"required\":{\"value\":false,\"message\":\"Ovo polje je obavezno\",\"global\":false,\"global_message\":\"Ovo polje je obavezno!\"}},\"email\":{\"required\":{\"value\":false,\"message\":\"Ovo polje je obavezno\",\"global\":false,\"global_message\":\"Ovo polje je obavezno!\"},\"email\":{\"value\":true,\"message\":\"Morate uneti validnu Email adresu\",\"global\":false,\"global_message\":\"Ovo polje mora sadr\\u017eati validan unos za mail.\"}},\"input_text\":{\"required\":{\"value\":false,\"message\":\"Ovo polje je obavezno!\",\"global_message\":\"Ovo polje je obavezno!\",\"global\":true}}},\"debounce_time\":300};\n                            <\/script>\n                        <\/div>\n\n            \t\t\t\t<\/div>\n\t\t\t\t<\/div>\n\t\t\t\t\t<\/div>\n\t\t\t\t<\/div>\n\t\t\t\t<\/div>\n\t\t","protected":false},"excerpt":{"rendered":"<p>Postanite partner vinarije 100 \u017dena \u010cestitamo na odluci da postanete partner vinarije 100 \u017eena. \u010cujemo se uskoro, zva\u0107e Vas Ankica<\/p>\n","protected":false},"author":1,"featured_media":48,"parent":0,"menu_order":0,"comment_status":"closed","ping_status":"closed","template":"","meta":{"footnotes":""},"class_list":["post-8","page","type-page","status-publish","has-post-thumbnail","hentry"],"_links":{"self":[{"href":"https:\/\/100zena.rs\/index.php\/wp-json\/wp\/v2\/pages\/8","targetHints":{"allow":["GET"]}}],"collection":[{"href":"https:\/\/100zena.rs\/index.php\/wp-json\/wp\/v2\/pages"}],"about":[{"href":"https:\/\/100zena.rs\/index.php\/wp-json\/wp\/v2\/types\/page"}],"author":[{"embeddable":true,"href":"https:\/\/100zena.rs\/index.php\/wp-json\/wp\/v2\/users\/1"}],"replies":[{"embeddable":true,"href":"https:\/\/100zena.rs\/index.php\/wp-json\/wp\/v2\/comments?post=8"}],"version-history":[{"count":103,"href":"https:\/\/100zena.rs\/index.php\/wp-json\/wp\/v2\/pages\/8\/revisions"}],"predecessor-version":[{"id":149,"href":"https:\/\/100zena.rs\/index.php\/wp-json\/wp\/v2\/pages\/8\/revisions\/149"}],"wp:featuredmedia":[{"embeddable":true,"href":"https:\/\/100zena.rs\/index.php\/wp-json\/wp\/v2\/media\/48"}],"wp:attachment":[{"href":"https:\/\/100zena.rs\/index.php\/wp-json\/wp\/v2\/media?parent=8"}],"curies":[{"name":"wp","href":"https:\/\/api.w.org\/{rel}","templated":true}]}}